{"id":9461,"date":"2018-05-20T08:32:33","date_gmt":"2018-05-20T06:32:33","guid":{"rendered":"http:\/\/www.astridspapiereuphorie.at\/?page_id=9461"},"modified":"2022-04-15T17:53:53","modified_gmt":"2022-04-15T15:53:53","slug":"datenschutzerklaerung","status":"publish","type":"page","link":"https:\/\/www.astridspapiereuphorie.at\/test\/impressumdsgvo\/datenschutzerklaerung\/","title":{"rendered":"Datenschutzerkl\u00e4rung"},"content":{"rendered":"<p>DATENSCHUTZHINWEIS<br \/>\nAstridspapiereuphorie.at hat hohe Anforderungen an Datenschutz und Datensicherheit. Mit diesem Datenschutzhinweis m\u00f6chte wir dar\u00fcber informieren, wie mit personenbezogenen Daten der Nutzer umgegangen wird.<\/p>\n<p>\u00a7 1 Geltungsbereich, Verantwortliche Stelle, Grundlagen<br \/>\nDieser Datenschutzhinweis beschreibt den Umgang von Astridspapiereuphorie.at mit personenbezogenen Daten von Nutzern und Besuchern der Webseiten von Astridspapiereuphorie.at.<br \/>\nVerantwortliche Stelle im Sinne des Datenschutzrechtes ist<\/p>\n<p><strong>Astrid Hofmann<\/strong><br \/>\n<strong>Satzingerweg 10\/1\/5<\/strong><br \/>\n<strong>1210 Wien<\/strong>.<\/p>\n<p>N\u00e4here Angaben finden Sie im Impressum.<\/p>\n<p>Astridspapiereuphorie.at sch\u00fctzt die Privatsph\u00e4re der Besucher und Nutzer und deren pers\u00f6nliche Daten nach Ma\u00dfgabe des einschl\u00e4gigen Datenschutzrechts und dieses Datenschutzhinweises. Grundlage hierzu sind die jeweils geltenden gesetzlichen Bestimmungen des DSGVO. Die Mitarbeiter von Astridspapiereuphorie.at werden regelm\u00e4\u00dfig auf das Datengeheimnis verpflichtet.<\/p>\n<p>\u00a7 2 Datenverwendung beim Besuch der Astridspapiereuphorie.at-Webseiten<br \/>\nDie Webseiten von Astridspapiereuphorie.at k\u00f6nnen besucht werden, ohne dass der Besucher Angaben zu seiner Person machen muss.<br \/>\nBei jedem Zugriff auf die Astridspapiereuphorie.at -Webseiten werden automatisch Daten zur Erm\u00f6glichung dieser Kommunikation generiert. Diese Daten werden von Astridspapiereuphorie.at nur ohne konkreten Bezug zur Person (z.B. durch Anonymisierung der IP-Adresse) gespeichert und verwendet, um technische oder statistische Informationen f\u00fcr die St\u00f6rungsbeseitigung oder Verbesserung der Website zu erhalten oder zu Recherche- und Analysezwecken.<br \/>\nZu Zwecken der Kommunikationsverwaltung und der technischen Umsetzung der Astridspapiereuphorie.at -Webseiten werden durch Astridspapiereuphorie.at Session-Cookies eingesetzt. Session-Cookies sind kleine Textdateien, die auf dem Rechner des Besuchers abgelegt und nach Ende der Browser-Sitzung automatisch von der Festplatte gel\u00f6scht werden. Durch den Einsatz von Session-Cookies wird die technische Nutzung von Astridspapiereuphorie.at erst m\u00f6glich. Der Umgang mit Cookies kann vom Nutzer im Browser eingestellt werden. Bei der Nichtannahme von Cookies kann die Funktionalit\u00e4t der Astridspapiereuphorie.at -Webseiten eingeschr\u00e4nkt oder aufgehoben sein.<br \/>\nEin R\u00fcckschluss auf die Person des Besuchers ist mittels der von Astridspapiereuphorie.at eingesetzten Cookies nicht m\u00f6glich. Insbesondere werden keine IP-Adressen im Zusammenhang mit Cookies gespeichert oder Cookies mit Nutzerprofilen zusammengef\u00fchrt. \u00dcber Dienste Dritter auf den Astridspapiereuphorie.at -Webseiten informieren wir nachstehend in \u00a7 5 bis \u00a7 8.<\/p>\n<p>\u00a7 3 Datenverwendung bei Nutzung von Astridspapiereuphorie.at<br \/>\nBei der Nutzung zus\u00e4tzlicher Dienste werden ausschlie\u00dflich Daten erhoben und verwendet, die zur Erbringung des jeweiligen Dienstes notwendig sind.<\/p>\n<p>\u00a7 4 Weitergabe personenbezogener Daten an Dritte und Einwilligung<br \/>\nDie w\u00e4hrend des Bestellprozesses erhobenen personenbezogenen Daten des Bestellers werden nur zu Zwecken der Herstellung des bestellten Produkts und zur Lieferung verwendet.<br \/>\nDaneben erfolgt eine Weitergabe der Nutzerdaten Daten an das mit der Lieferung beauftragte Versandunternehmen, soweit dies zur Lieferung der Waren notwendig ist.<\/p>\n<p>\u00a7 5 Datensicherheit<br \/>\nDie \u00dcbertragung der personenbezogenen Daten im Rahmen des Bestellvorgangs \u00fcber das Internet wird mittels SSL verschl\u00fcsselt, und zwar abh\u00e4ngig vom eingesetzten Browser mittels 256-bit SGC SSL.<br \/>\nAstridspapiereuphorie.at sichert seine Webseiten und sonstigen Systeme durch technische und organisatorische Ma\u00dfnahmen gegen Verlust, Zerst\u00f6rung, Zugriff, Ver\u00e4nderung oder Verbreitung Ihrer Daten durch unbefugte Personen.<\/p>\n<p>\u00a7 6 Berichtigung, Sperrung oder L\u00f6schung, Ansprechpartner f\u00fcr den Datenschutz<br \/>\nRegistrierte Nutzer haben die M\u00f6glichkeit, ihre Daten auf Astridspapiereuphorie.at selbst zu \u00e4ndern oder zu l\u00f6schen.<br \/>\n\u00dcber Nutzer- und Bestandsdaten erteilt Astridspapiereuphorie.at unverz\u00fcglich und unentgeltlich Auskunft, auf Wunsch elektronisch oder schriftlich. Vor Erteilung einer Auskunft kann Astridspapiereuphorie.at auf der \u00dcbermittlung von Unterlagen bestehen, welche die Identit\u00e4t und Authentizit\u00e4t der anfragenden Person darlegen.<br \/>\nNach Beendigung des Nutzungsverh\u00e4ltnisses bei Astridspapiereuphorie.at werden innerhalb eines angemessenen Bearbeitungszeitraums noch notwendige Daten gesperrt und dar\u00fcber hinaus gehende freiwillige Angaben gel\u00f6scht.<br \/>\nBei allen Fragen zum Datenschutz k\u00f6nnen Sie uns hier kontaktieren:<br \/>\nE-Mail: astrids(Punkt)papiereuphorie(at-Zeichen)outlook(Punkt)com<\/p>\n<p>\u00a7 7 Einwilligung und Widerruf der Einwilligung<br \/>\nSoweit die Verwendung von personenbezogenen Daten auf einer Einwilligung des Nutzers beruht, kann diese jederzeit mit Wirkung f\u00fcr die Zukunft widerrufen werden, am besten an astrids(Punkt)papiereuphorie(at-Zeichen)outlook(Punkt)com.<\/p>\n<p>Es erfolgt insofern bei der Verwendung durch Astridspapiereuphorie.at ein Hinweis bzw. es wird eine einfache Abbestellm\u00f6glichkeit (z.B. als Link) zur Verf\u00fcgung gestellt.<br \/>\nAstridspapiereuphorie.at beh\u00e4lt sich vor, datenschutzrechtliche Vorg\u00e4nge auch auf eine gesetzliche Grundlage zu st\u00fctzen.<\/p>\n","protected":false},"excerpt":{"rendered":"<p>DATENSCHUTZHINWEIS Astridspapiereuphorie.at hat hohe Anforderungen an Datenschutz und Datensicherheit. Mit diesem Datenschutzhinweis m\u00f6chte wir dar\u00fcber informieren, wie mit personenbezogenen Daten der Nutzer umgegangen wird. \u00a7 1 Geltungsbereich, Verantwortliche Stelle, Grundlagen Dieser Datenschutzhinweis beschreibt den Umgang von Astridspapiereuphorie.at mit personenbezogenen Daten von Nutzern und Besuchern der Webseiten von Astridspapiereuphorie.at. Verantwortliche Stelle im Sinne des Datenschutzrechtes ist [&hellip;]<\/p>\n","protected":false},"author":1,"featured_media":0,"parent":9463,"menu_order":2,"comment_status":"open","ping_status":"open","template":"","meta":{"ocean_post_layout":"","ocean_both_sidebars_style":"","ocean_both_sidebars_content_width":0,"ocean_both_sidebars_sidebars_width":0,"ocean_sidebar":"","ocean_second_sidebar":"","ocean_disable_margins":"enable","ocean_add_body_class":"","ocean_shortcode_before_top_bar":"","ocean_shortcode_after_top_bar":"","ocean_shortcode_before_header":"","ocean_shortcode_after_header":"","ocean_has_shortcode":"","ocean_shortcode_after_title":"","ocean_shortcode_before_footer_widgets":"","ocean_shortcode_after_footer_widgets":"","ocean_shortcode_before_footer_bottom":"","ocean_shortcode_after_footer_bottom":"","ocean_display_top_bar":"default","ocean_display_header":"default","ocean_header_style":"","ocean_center_header_left_menu":"","ocean_custom_header_template":"","ocean_custom_logo":0,"ocean_custom_retina_logo":0,"ocean_custom_logo_max_width":0,"ocean_custom_logo_tablet_max_width":0,"ocean_custom_logo_mobile_max_width":0,"ocean_custom_logo_max_height":0,"ocean_custom_logo_tablet_max_height":0,"ocean_custom_logo_mobile_max_height":0,"ocean_header_custom_menu":"","ocean_menu_typo_font_family":"","ocean_menu_typo_font_subset":"","ocean_menu_typo_font_size":0,"ocean_menu_typo_font_size_tablet":0,"ocean_menu_typo_font_size_mobile":0,"ocean_menu_typo_font_size_unit":"px","ocean_menu_typo_font_weight":"","ocean_menu_typo_font_weight_tablet":"","ocean_menu_typo_font_weight_mobile":"","ocean_menu_typo_transform":"","ocean_menu_typo_transform_tablet":"","ocean_menu_typo_transform_mobile":"","ocean_menu_typo_line_height":0,"ocean_menu_typo_line_height_tablet":0,"ocean_menu_typo_line_height_mobile":0,"ocean_menu_typo_line_height_unit":"","ocean_menu_typo_spacing":0,"ocean_menu_typo_spacing_tablet":0,"ocean_menu_typo_spacing_mobile":0,"ocean_menu_typo_spacing_unit":"","ocean_menu_link_color":"","ocean_menu_link_color_hover":"","ocean_menu_link_color_active":"","ocean_menu_link_background":"","ocean_menu_link_hover_background":"","ocean_menu_link_active_background":"","ocean_menu_social_links_bg":"","ocean_menu_social_hover_links_bg":"","ocean_menu_social_links_color":"","ocean_menu_social_hover_links_color":"","ocean_disable_title":"default","ocean_disable_heading":"default","ocean_post_title":"","ocean_post_subheading":"","ocean_post_title_style":"","ocean_post_title_background_color":"","ocean_post_title_background":0,"ocean_post_title_bg_image_position":"","ocean_post_title_bg_image_attachment":"","ocean_post_title_bg_image_repeat":"","ocean_post_title_bg_image_size":"","ocean_post_title_height":0,"ocean_post_title_bg_overlay":0.5,"ocean_post_title_bg_overlay_color":"","ocean_disable_breadcrumbs":"default","ocean_breadcrumbs_color":"","ocean_breadcrumbs_separator_color":"","ocean_breadcrumbs_links_color":"","ocean_breadcrumbs_links_hover_color":"","ocean_display_footer_widgets":"default","ocean_display_footer_bottom":"default","ocean_custom_footer_template":"","footnotes":""},"class_list":["post-9461","page","type-page","status-publish","hentry","entry"],"_links":{"self":[{"href":"https:\/\/www.astridspapiereuphorie.at\/test\/wp-json\/wp\/v2\/pages\/9461","targetHints":{"allow":["GET"]}}],"collection":[{"href":"https:\/\/www.astridspapiereuphorie.at\/test\/wp-json\/wp\/v2\/pages"}],"about":[{"href":"https:\/\/www.astridspapiereuphorie.at\/test\/wp-json\/wp\/v2\/types\/page"}],"author":[{"embeddable":true,"href":"https:\/\/www.astridspapiereuphorie.at\/test\/wp-json\/wp\/v2\/users\/1"}],"replies":[{"embeddable":true,"href":"https:\/\/www.astridspapiereuphorie.at\/test\/wp-json\/wp\/v2\/comments?post=9461"}],"version-history":[{"count":5,"href":"https:\/\/www.astridspapiereuphorie.at\/test\/wp-json\/wp\/v2\/pages\/9461\/revisions"}],"predecessor-version":[{"id":18337,"href":"https:\/\/www.astridspapiereuphorie.at\/test\/wp-json\/wp\/v2\/pages\/9461\/revisions\/18337"}],"up":[{"embeddable":true,"href":"https:\/\/www.astridspapiereuphorie.at\/test\/wp-json\/wp\/v2\/pages\/9463"}],"wp:attachment":[{"href":"https:\/\/www.astridspapiereuphorie.at\/test\/wp-json\/wp\/v2\/media?parent=9461"}],"curies":[{"name":"wp","href":"https:\/\/api.w.org\/{rel}","templated":true}]}}