{"id":40,"date":"2012-09-08T18:53:45","date_gmt":"2012-09-08T16:53:45","guid":{"rendered":"http:\/\/www.astridspapiereuphorie.at\/?page_id=40"},"modified":"2022-04-15T17:46:58","modified_gmt":"2022-04-15T15:46:58","slug":"impressum","status":"publish","type":"page","link":"https:\/\/www.astridspapiereuphorie.at\/test\/impressumdsgvo\/impressum\/","title":{"rendered":"Impressum"},"content":{"rendered":"<h3>Impressum<\/h3>\n<div><\/div>\n<div id=\"post-body-7481135842378103273\">\n<p>Anbieter:<\/p>\n<p><strong>Astrid Hofmann<\/strong><br \/>\n<strong>Satzingerweg 10\/1\/5<\/strong><br \/>\n<strong>1210 Wien<br \/>\n<\/strong><\/p>\n<p><strong>Kontakt:<\/strong><br \/>\nTel.: 0699\/10 828 414<br \/>\ne-mail: astrids(Punkt)papiereuphorie(at-Zeichen)outlook(Punkt)com<\/p>\n<\/div>\n<div><\/div>\n<div>\n<p>Inhaltlich verantwortlich gem\u00e4\u00df \u00a755 Abs. 2 RStV: Astrid Hofmann, Anschrift s.o.!<\/p>\n<p><strong>Haftungshinweis:<\/strong>\u00a0Die Inhalte meiner Seiten wurden mit gr\u00f6\u00dfter Sorgfalt erstellt. F\u00fcr Richtigkeit, Vollst\u00e4ndigkeit und Aktualit\u00e4t der Inhalte kann ich keine Gew\u00e4hr \u00fcbernehmen. Nach dem \u00a7\u00a7 8 bis 10 TMG bin ich nicht verpflichtet, \u00fcbermittelte und gespeicherte, fremde Informationen zu \u00fcberwachen, oder nach Umst\u00e4nden zu forschen, die auf rechtswidrige T\u00e4tigkeiten hinweisen. F\u00fcr den Inhalt externer Links \u00fcbernehme ich keine Haftung und f\u00fcr deren Inhalte sind ausschlie\u00dflich deren Betreiber verantwortlich. Rechtswidrige Inhalte waren zum Zeitpunkt der Verlinkung nicht erkennbar. Bei Bekanntwerden von entsprechenden Rechtsverletzungen werde ich derartige Links entfernen.<\/p>\n<p><strong>Urheberrecht:<\/strong>\u00a0Die durch mich erstellten Inhalte und Werke auf diesen Seiten unterliegen dem Deutschen Urheberrecht. Beitr\u00e4ge Dritter sind als solches gekennzeichnet. Die Vervielf\u00e4ltigung und Bearbeitung und jede Verbreitung und jede Art der Verwendung ausserhalb der Grenzen des Urheberrechts bed\u00fcrfen der schriftlichen Zustimmung!<\/p>\n<p><strong>Datenschutz:<\/strong>\u00a0Soweit auf meiner Seite personenbezogene Daten (Namen, Anschriften, Email oder Adressen) erhoben werden, erfolgt dies auf freiwilliger Basis. Ich weise darauf hin, dass die Daten\u00fcbertragung im Internet Sicherheitsl\u00fccken aufweisen kann. Ein l\u00fcckenloser Schutz vor dem Zugriff Dritter ist nicht m\u00f6glich. Der Nutzung von im Rahmen der Impressumspflicht ver\u00f6ffentlichten Kontaktdaten durch Dritte zur \u00dcbersendung von nicht ausdr\u00fccklich angeforderter Werbung und Informationsmaterialien wird hiermit ausdr\u00fccklich wiedersprochen. Ich behalte mir rechtliche Schritte im Falle der unverlangten Zusendung von Werbematerialien, etwa durch Spam Mails,vor.<\/p>\n<p>Quelle: eRecht24.<\/p>\n<\/div>\n","protected":false},"excerpt":{"rendered":"<p>Impressum Anbieter: Astrid Hofmann Satzingerweg 10\/1\/5 1210 Wien Kontakt: Tel.: 0699\/10 828 414 e-mail: astrids(Punkt)papiereuphorie(at-Zeichen)outlook(Punkt)com Inhaltlich verantwortlich gem\u00e4\u00df \u00a755 Abs. 2 RStV: Astrid Hofmann, Anschrift s.o.! Haftungshinweis:\u00a0Die Inhalte meiner Seiten wurden mit gr\u00f6\u00dfter Sorgfalt erstellt. F\u00fcr Richtigkeit, Vollst\u00e4ndigkeit und Aktualit\u00e4t der Inhalte kann ich keine Gew\u00e4hr \u00fcbernehmen. Nach dem \u00a7\u00a7 8 bis 10 TMG bin [&hellip;]<\/p>\n","protected":false},"author":1,"featured_media":0,"parent":9463,"menu_order":1,"comment_status":"closed","ping_status":"open","template":"","meta":{"ocean_post_layout":"","ocean_both_sidebars_style":"","ocean_both_sidebars_content_width":0,"ocean_both_sidebars_sidebars_width":0,"ocean_sidebar":"","ocean_second_sidebar":"","ocean_disable_margins":"enable","ocean_add_body_class":"","ocean_shortcode_before_top_bar":"","ocean_shortcode_after_top_bar":"","ocean_shortcode_before_header":"","ocean_shortcode_after_header":"","ocean_has_shortcode":"","ocean_shortcode_after_title":"","ocean_shortcode_before_footer_widgets":"","ocean_shortcode_after_footer_widgets":"","ocean_shortcode_before_footer_bottom":"","ocean_shortcode_after_footer_bottom":"","ocean_display_top_bar":"default","ocean_display_header":"default","ocean_header_style":"","ocean_center_header_left_menu":"","ocean_custom_header_template":"","ocean_custom_logo":0,"ocean_custom_retina_logo":0,"ocean_custom_logo_max_width":0,"ocean_custom_logo_tablet_max_width":0,"ocean_custom_logo_mobile_max_width":0,"ocean_custom_logo_max_height":0,"ocean_custom_logo_tablet_max_height":0,"ocean_custom_logo_mobile_max_height":0,"ocean_header_custom_menu":"","ocean_menu_typo_font_family":"","ocean_menu_typo_font_subset":"","ocean_menu_typo_font_size":0,"ocean_menu_typo_font_size_tablet":0,"ocean_menu_typo_font_size_mobile":0,"ocean_menu_typo_font_size_unit":"px","ocean_menu_typo_font_weight":"","ocean_menu_typo_font_weight_tablet":"","ocean_menu_typo_font_weight_mobile":"","ocean_menu_typo_transform":"","ocean_menu_typo_transform_tablet":"","ocean_menu_typo_transform_mobile":"","ocean_menu_typo_line_height":0,"ocean_menu_typo_line_height_tablet":0,"ocean_menu_typo_line_height_mobile":0,"ocean_menu_typo_line_height_unit":"","ocean_menu_typo_spacing":0,"ocean_menu_typo_spacing_tablet":0,"ocean_menu_typo_spacing_mobile":0,"ocean_menu_typo_spacing_unit":"","ocean_menu_link_color":"","ocean_menu_link_color_hover":"","ocean_menu_link_color_active":"","ocean_menu_link_background":"","ocean_menu_link_hover_background":"","ocean_menu_link_active_background":"","ocean_menu_social_links_bg":"","ocean_menu_social_hover_links_bg":"","ocean_menu_social_links_color":"","ocean_menu_social_hover_links_color":"","ocean_disable_title":"default","ocean_disable_heading":"default","ocean_post_title":"","ocean_post_subheading":"","ocean_post_title_style":"","ocean_post_title_background_color":"","ocean_post_title_background":0,"ocean_post_title_bg_image_position":"","ocean_post_title_bg_image_attachment":"","ocean_post_title_bg_image_repeat":"","ocean_post_title_bg_image_size":"","ocean_post_title_height":0,"ocean_post_title_bg_overlay":0.5,"ocean_post_title_bg_overlay_color":"","ocean_disable_breadcrumbs":"default","ocean_breadcrumbs_color":"","ocean_breadcrumbs_separator_color":"","ocean_breadcrumbs_links_color":"","ocean_breadcrumbs_links_hover_color":"","ocean_display_footer_widgets":"default","ocean_display_footer_bottom":"default","ocean_custom_footer_template":"","footnotes":""},"class_list":["post-40","page","type-page","status-publish","hentry","entry"],"_links":{"self":[{"href":"https:\/\/www.astridspapiereuphorie.at\/test\/wp-json\/wp\/v2\/pages\/40","targetHints":{"allow":["GET"]}}],"collection":[{"href":"https:\/\/www.astridspapiereuphorie.at\/test\/wp-json\/wp\/v2\/pages"}],"about":[{"href":"https:\/\/www.astridspapiereuphorie.at\/test\/wp-json\/wp\/v2\/types\/page"}],"author":[{"embeddable":true,"href":"https:\/\/www.astridspapiereuphorie.at\/test\/wp-json\/wp\/v2\/users\/1"}],"replies":[{"embeddable":true,"href":"https:\/\/www.astridspapiereuphorie.at\/test\/wp-json\/wp\/v2\/comments?post=40"}],"version-history":[{"count":9,"href":"https:\/\/www.astridspapiereuphorie.at\/test\/wp-json\/wp\/v2\/pages\/40\/revisions"}],"predecessor-version":[{"id":18335,"href":"https:\/\/www.astridspapiereuphorie.at\/test\/wp-json\/wp\/v2\/pages\/40\/revisions\/18335"}],"up":[{"embeddable":true,"href":"https:\/\/www.astridspapiereuphorie.at\/test\/wp-json\/wp\/v2\/pages\/9463"}],"wp:attachment":[{"href":"https:\/\/www.astridspapiereuphorie.at\/test\/wp-json\/wp\/v2\/media?parent=40"}],"curies":[{"name":"wp","href":"https:\/\/api.w.org\/{rel}","templated":true}]}}