{"id":318,"date":"2012-12-31T21:11:26","date_gmt":"2012-12-31T19:11:26","guid":{"rendered":"http:\/\/www.astridspapiereuphorie.at\/?page_id=318"},"modified":"2023-05-31T08:55:21","modified_gmt":"2023-05-31T06:55:21","slug":"stampin-up-produkte-bestellen","status":"publish","type":"page","link":"https:\/\/www.astridspapiereuphorie.at\/test\/stampin-up-produkte-bestellen\/","title":{"rendered":"Stampin&#8216; Up!-Produkte bestellen"},"content":{"rendered":"Hier m\u00f6chte ich dir gerne die M\u00f6glichkeiten auflisten, wie du bei mir Stampin&#8216; Up!-Produkte bestellen kannst (falls es zus\u00e4tzlich noch Fragen gibt, du beraten werden m\u00f6chtest,&#8230;. bitte melde dich bei mir)\n\nDas Bestellen ist ganz einfach:\n&#8211; direkt \u00fcber den <strong>Online-shop<\/strong>: Verwende dazu bitte den entsprechenden Button aus der Side-Bar!\n&#8211; <strong>per mail<\/strong>: astrids.papiereuphorie(at)outlook.com\n&#8211; <strong>per whatsApp oder telefonisch<\/strong> (\u00d6 069910828414)\n\nWichtig: es gibt keinen Mindestbestellwert\n\nWas du f\u00fcr eine Bestellung brauchst, wenn du nicht selbst \u00fcber den online-shop bestellst, ist die Artikelnummer, die Bezeichnung, die Anzahl und den Preis &#8211; und falls du gerade keinen aktuellen Katalog daheim hast, findest du den aktuellen link zu den derzeit g\u00fcltigen Katalogen rechts. Den k\u00f6nnt du dann einfach online durchbl\u00e4ttern.\nOder du st\u00f6berst im <a href=\"https:\/\/www.stampinup.at\/?demoid=5005763\" target=\"_blank\" rel=\"noopener\">Online-Shop<\/a> &#8211; da siehst du auch immer, welche Produkte aktuell ev. gerade nicht verf\u00fcgbar sind.\n\nDie klassische Bestellung findet normalerweise im Zuge eines <strong>Workshops<\/strong>\/einer <strong>Stempelparty<\/strong> statt. Hier l\u00e4dt eine sog. &#8222;Gastgeberin&#8220; Freundinnen ein und wir gestalten gemeinsam Karten und\/oder kleine Verpackungen. Das ist die beste Gelegenheit, mal die Produkte in natura anzusehen und auch auszuprobieren.\n\nWillst\/brauchst du die Sachen eher dringend oder wohnst du weit weg, dann w\u00fcrde ich dir eine <strong>&#8222;Einzelbestellung&#8220;<\/strong> empfehlen &#8211; hier werden dir die Produkte dann gleich nach Hause geschickt. Die Versandgeb\u00fchr betr\u00e4gt dzt. \u20ac 7,95, &#8211;\u00a0 und sie wird individuell teilweise oder ganz (abh. von der Bestellsumme) von mir \u00fcbernommen. &#8211;\nAb Bestellsumme von \u20ac 200.&#8211; oder mehr kommt ihr in den Genuss des <strong><span style=\"text-decoration: underline;\">Shoppingbonus<\/span><\/strong>&#8218; oder ev. hast du sogar die M\u00f6glichkeit ein <strong>Produkt zum Halbpreis<\/strong> zu bestellen (gegen Vorauskasse\/\u00dcberweisung an mich)\n\n\n\nWenn du es nicht so eilig hast, nur mal eine Kleinigkeit brauchst oder was vergessen hast, kannst du dich gerne an meiner monatlichen <strong>&#8222;Sammelbestellung&#8220;<\/strong> beteiligen (die Termine findest du in der Side-Bar). Hier \u00fcbernehme dann ich das Porto f\u00fcr die Lieferung vom Lager zu mir. Wie die Sachen dann von mir zu dir kommen, vereinbaren wir dann individuell. Es kommt hier also eventuell noch das \u00f6sterr. Porto f\u00fcr den Versand von mir zu dir dazu.\nAber nat\u00fcrlich kannst du zu den Sammelbestellterminen auch gr\u00f6\u00dfere Bestellungen aufgeben und erhaltest ab einer Bestellsumme von \u20ac 200,&#8211; oder mehr den Shoppingbonus \ud83d\ude42<!-- \/wp:post-content -->","protected":false},"excerpt":{"rendered":"<p>Hier m\u00f6chte ich dir gerne die M\u00f6glichkeiten auflisten, wie du bei mir Stampin&#8216; Up!-Produkte bestellen kannst (falls es zus\u00e4tzlich noch Fragen gibt, du beraten werden m\u00f6chtest,&#8230;. bitte melde dich bei mir) Das Bestellen ist ganz einfach: &#8211; direkt \u00fcber den Online-shop: Verwende dazu bitte den entsprechenden Button aus der Side-Bar! &#8211; per mail: astrids.papiereuphorie(at)outlook.com &#8211; [&hellip;]<\/p>\n","protected":false},"author":1,"featured_media":0,"parent":0,"menu_order":0,"comment_status":"open","ping_status":"open","template":"","meta":{"ocean_post_layout":"","ocean_both_sidebars_style":"","ocean_both_sidebars_content_width":0,"ocean_both_sidebars_sidebars_width":0,"ocean_sidebar":"","ocean_second_sidebar":"","ocean_disable_margins":"enable","ocean_add_body_class":"","ocean_shortcode_before_top_bar":"","ocean_shortcode_after_top_bar":"","ocean_shortcode_before_header":"","ocean_shortcode_after_header":"","ocean_has_shortcode":"","ocean_shortcode_after_title":"","ocean_shortcode_before_footer_widgets":"","ocean_shortcode_after_footer_widgets":"","ocean_shortcode_before_footer_bottom":"","ocean_shortcode_after_footer_bottom":"","ocean_display_top_bar":"default","ocean_display_header":"default","ocean_header_style":"","ocean_center_header_left_menu":"","ocean_custom_header_template":"","ocean_custom_logo":0,"ocean_custom_retina_logo":0,"ocean_custom_logo_max_width":0,"ocean_custom_logo_tablet_max_width":0,"ocean_custom_logo_mobile_max_width":0,"ocean_custom_logo_max_height":0,"ocean_custom_logo_tablet_max_height":0,"ocean_custom_logo_mobile_max_height":0,"ocean_header_custom_menu":"","ocean_menu_typo_font_family":"","ocean_menu_typo_font_subset":"","ocean_menu_typo_font_size":0,"ocean_menu_typo_font_size_tablet":0,"ocean_menu_typo_font_size_mobile":0,"ocean_menu_typo_font_size_unit":"px","ocean_menu_typo_font_weight":"","ocean_menu_typo_font_weight_tablet":"","ocean_menu_typo_font_weight_mobile":"","ocean_menu_typo_transform":"","ocean_menu_typo_transform_tablet":"","ocean_menu_typo_transform_mobile":"","ocean_menu_typo_line_height":0,"ocean_menu_typo_line_height_tablet":0,"ocean_menu_typo_line_height_mobile":0,"ocean_menu_typo_line_height_unit":"","ocean_menu_typo_spacing":0,"ocean_menu_typo_spacing_tablet":0,"ocean_menu_typo_spacing_mobile":0,"ocean_menu_typo_spacing_unit":"","ocean_menu_link_color":"","ocean_menu_link_color_hover":"","ocean_menu_link_color_active":"","ocean_menu_link_background":"","ocean_menu_link_hover_background":"","ocean_menu_link_active_background":"","ocean_menu_social_links_bg":"","ocean_menu_social_hover_links_bg":"","ocean_menu_social_links_color":"","ocean_menu_social_hover_links_color":"","ocean_disable_title":"default","ocean_disable_heading":"default","ocean_post_title":"","ocean_post_subheading":"","ocean_post_title_style":"","ocean_post_title_background_color":"","ocean_post_title_background":0,"ocean_post_title_bg_image_position":"","ocean_post_title_bg_image_attachment":"","ocean_post_title_bg_image_repeat":"","ocean_post_title_bg_image_size":"","ocean_post_title_height":0,"ocean_post_title_bg_overlay":0.5,"ocean_post_title_bg_overlay_color":"","ocean_disable_breadcrumbs":"default","ocean_breadcrumbs_color":"","ocean_breadcrumbs_separator_color":"","ocean_breadcrumbs_links_color":"","ocean_breadcrumbs_links_hover_color":"","ocean_display_footer_widgets":"default","ocean_display_footer_bottom":"default","ocean_custom_footer_template":"","footnotes":""},"class_list":["post-318","page","type-page","status-publish","hentry","entry"],"_links":{"self":[{"href":"https:\/\/www.astridspapiereuphorie.at\/test\/wp-json\/wp\/v2\/pages\/318","targetHints":{"allow":["GET"]}}],"collection":[{"href":"https:\/\/www.astridspapiereuphorie.at\/test\/wp-json\/wp\/v2\/pages"}],"about":[{"href":"https:\/\/www.astridspapiereuphorie.at\/test\/wp-json\/wp\/v2\/types\/page"}],"author":[{"embeddable":true,"href":"https:\/\/www.astridspapiereuphorie.at\/test\/wp-json\/wp\/v2\/users\/1"}],"replies":[{"embeddable":true,"href":"https:\/\/www.astridspapiereuphorie.at\/test\/wp-json\/wp\/v2\/comments?post=318"}],"version-history":[{"count":21,"href":"https:\/\/www.astridspapiereuphorie.at\/test\/wp-json\/wp\/v2\/pages\/318\/revisions"}],"predecessor-version":[{"id":20295,"href":"https:\/\/www.astridspapiereuphorie.at\/test\/wp-json\/wp\/v2\/pages\/318\/revisions\/20295"}],"wp:attachment":[{"href":"https:\/\/www.astridspapiereuphorie.at\/test\/wp-json\/wp\/v2\/media?parent=318"}],"curies":[{"name":"wp","href":"https:\/\/api.w.org\/{rel}","templated":true}]}}