{"id":18218,"date":"2022-04-06T07:59:11","date_gmt":"2022-04-06T05:59:11","guid":{"rendered":"https:\/\/www.astridspapiereuphorie.at\/?page_id=18218"},"modified":"2023-07-27T12:33:57","modified_gmt":"2023-07-27T10:33:57","slug":"kataloganforderung","status":"publish","type":"page","link":"https:\/\/www.astridspapiereuphorie.at\/test\/kataloganforderung\/","title":{"rendered":"Kataloganforderung"},"content":{"rendered":"\n<p>Hier hast du die M\u00f6glichkeit, die derzeit aktuellen Kataloge bei mir anzufordern.<\/p>\n\n\n\n<p>Beachte bitte, dass ich diese nur innerhalb von \u00d6sterreich (gratis) verschicke und f\u00fclle alle Felder sorgf\u00e4ltig aus, sodass du bald in deinem neuen Stampin&#8216; Up! Jahreshaupt- oder Minikatalog bl\u00e4ttern kannst.<\/p>\n\n\n\n<p>Der Herbst-Winter-Minikatalog 2023 (g\u00fcltig vom 6.9.2023 &#8211; 3.1.2024)  wird von mir ab ca. August 2023 verschickt.<\/p>\n\n\n<noscript class=\"ninja-forms-noscript-message\">\n\tHinweis: F\u00fcr diesen Inhalt ist JavaScript erforderlich.<\/noscript>\n<div id=\"nf-form-6-cont\" class=\"nf-form-cont\" aria-live=\"polite\" aria-labelledby=\"nf-form-title-6\" aria-describedby=\"nf-form-errors-6\" role=\"form\">\n\n    <div class=\"nf-loading-spinner\"><\/div>\n\n<\/div>\n        <!-- That data is being printed as a workaround to page builders reordering the order of the scripts loaded-->\n        <script>var formDisplay=1;var nfForms=nfForms||[];var form=[];form.id='6';form.settings={\"objectType\":\"Form Setting\",\"editActive\":true,\"title\":\"Kataloganforderung (ohne nachgeladene Google Fonts)\",\"created_at\":\"2022-10-07 18:15:24\",\"default_label_pos\":\"above\",\"show_title\":0,\"clear_complete\":\"1\",\"hide_complete\":\"1\",\"logged_in\":\"\",\"formContentData\":[\"kreuze_bitte_an_welche_kataloge_ich_dir_zuschicken_darf_1665159718433\",\"hr_1665161746731\",\"anrede_1665160140424\",\"firstname_1665160076885\",\"lastname_1627377365761\",\"address_1665160380244\",\"postleitzahl_1665160853930\",\"ort_1665160867530\",\"land_1665161041024\",\"email_1627377369793\",\"katalog_e_anfordern_1665161377716\"],\"calculations\":[],\"wrapper_class\":\"\",\"element_class\":\"\",\"key\":\"\",\"add_submit\":\"0\",\"currency\":\"\",\"repeatable_fieldsets\":\"\",\"unique_field_error\":\"Ein Formular mit diesem Wert wurde bereits eingereicht.\",\"not_logged_in_msg\":\"\",\"sub_limit_msg\":\"Das Formular hat sein Beitragslimit erreicht.\",\"allow_public_link\":0,\"embed_form\":\"\",\"changeEmailErrorMsg\":\"Bitte gib eine g\\u00fcltige E-Mail-Adresse ein.\",\"changeDateErrorMsg\":\"Bitte gib ein g\\u00fcltiges Datum ein!\",\"confirmFieldErrorMsg\":\"Diese Felder m\\u00fcssen \\u00fcbereinstimmen!\",\"fieldNumberNumMinError\":\"Die eingegebene Zahl ist zu klein.\",\"fieldNumberNumMaxError\":\"Die eingegebene Zahl ist zu gross.\",\"fieldNumberIncrementBy\":\"Bitte erh\\u00f6hen in Schritten von\",\"formErrorsCorrectErrors\":\"Bitte korrigiere die Fehler, bevor du das Formular sendest.\",\"validateRequiredField\":\"Dies ist ein Pflichtfeld.\",\"honeypotHoneypotError\":\"Honeypot-Fehler\",\"fieldsMarkedRequired\":\"Felder mit einem <span class=\\\"ninja-forms-req-symbol\\\">*<\\\/span> sind Pflichtfelder\",\"drawerDisabled\":false,\"public_link\":\"https:\\\/\\\/www.astridspapiereuphorie.at\\\/ninja-forms\\\/6ntq8\",\"public_link_key\":\"6ntq8\",\"form_title_heading_level\":\"3\",\"ninjaForms\":\"Ninja Forms\",\"fieldTextareaRTEInsertLink\":\"Link einf\\u00fcgen\",\"fieldTextareaRTEInsertMedia\":\"Medien einf\\u00fcgen\",\"fieldTextareaRTESelectAFile\":\"Eine Datei ausw\\u00e4hlen\",\"formHoneypot\":\"Falls du ein Mensch bist und dieses Feld siehst, dann lasse es bitte leer.\",\"fileUploadOldCodeFileUploadInProgress\":\"Datei-Upload l\\u00e4uft.\",\"fileUploadOldCodeFileUpload\":\"DATEI-UPLOAD\",\"currencySymbol\":\"&euro;\",\"thousands_sep\":\".\",\"decimal_point\":\",\",\"siteLocale\":\"de_DE\",\"dateFormat\":\"d.m.Y\",\"startOfWeek\":\"1\",\"of\":\"von\",\"previousMonth\":\"Vorheriger Monat\",\"nextMonth\":\"N\\u00e4chster Monat\",\"months\":[\"Januar\",\"Februar\",\"M\\u00e4rz\",\"April\",\"Mai\",\"Juni\",\"Juli\",\"August\",\"September\",\"Oktober\",\"November\",\"Dezember\"],\"monthsShort\":[\"Jan.\",\"Feb.\",\"M\\u00e4rz\",\"Apr.\",\"Mai\",\"Juni\",\"Juli\",\"Aug\",\"Sep.\",\"Okt.\",\"Nov.\",\"Dez.\"],\"weekdays\":[\"Sonntag\",\"Montag\",\"Dienstag\",\"Mittwoch\",\"Donnerstag\",\"Freitag\",\"Samstag\"],\"weekdaysShort\":[\"So.\",\"Mo.\",\"Di.\",\"Mi.\",\"Do.\",\"Fr.\",\"Sa.\"],\"weekdaysMin\":[\"So.\",\"Mo.\",\"Di.\",\"Mi.\",\"Do.\",\"Fr.\",\"Sa.\"],\"recaptchaConsentMissing\":\"reCaptcha validation couldn&#039;t load.\",\"recaptchaMissingCookie\":\"reCaptcha v3 validation couldn&#039;t load the cookie needed to submit the form.\",\"recaptchaConsentEvent\":\"Accept reCaptcha cookies before sending the form.\",\"currency_symbol\":\"\",\"beforeForm\":\"\",\"beforeFields\":\"\",\"afterFields\":\"\",\"afterForm\":\"\"};form.fields=[{\"objectType\":\"Field\",\"objectDomain\":\"fields\",\"editActive\":false,\"order\":1,\"idAttribute\":\"id\",\"type\":\"listcheckbox\",\"label\":\"Kreuze bitte an, welche Kataloge ich dir zuschicken darf\",\"key\":\"kreuze_bitte_an_welche_kataloge_ich_dir_zuschicken_darf_1665159718433\",\"label_pos\":\"above\",\"required\":1,\"options\":[{\"errors\":[],\"max_options\":0,\"order\":0,\"new\":false,\"options\":[],\"label\":\"Minikatalog Herbst\\\/Winter 2023\",\"value\":\"minikatalog-hw-2023\",\"calc\":\"\",\"selected\":0,\"settingModel\":{\"settings\":false,\"hide_merge_tags\":false,\"error\":false,\"name\":\"options\",\"type\":\"option-repeater\",\"label\":\"Optionen <a href=\\\"#\\\" class=\\\"nf-add-new\\\">Erstellen<\\\/a> <a href=\\\"#\\\" class=\\\"extra nf-open-import-tooltip\\\"><i class=\\\"fa fa-sign-in\\\" aria-hidden=\\\"true\\\"><\\\/i> Importieren<\\\/a>\",\"width\":\"full\",\"group\":\"\",\"value\":[{\"label\":\"Eins\",\"value\":\"eins\",\"calc\":\"\",\"selected\":0,\"order\":0},{\"label\":\"Zwei\",\"value\":\"zwei\",\"calc\":\"\",\"selected\":0,\"order\":1},{\"label\":\"Drei\",\"value\":\"drei\",\"calc\":\"\",\"selected\":0,\"order\":2}],\"columns\":{\"label\":{\"header\":\"Beschriftung\",\"default\":\"\"},\"value\":{\"header\":\"Wert\",\"default\":\"\"},\"calc\":{\"header\":\"Berechneter Wert\",\"default\":\"\"},\"selected\":{\"header\":\"<span class=\\\"dashicons dashicons-yes\\\"><\\\/span>\",\"default\":0}}},\"manual_value\":true},{\"errors\":[],\"max_options\":0,\"label\":\"Jahreskatalog 2023-2024\",\"value\":\"stampin-up-jahreskatalog-2023-2024\",\"calc\":\"\",\"selected\":0,\"order\":1,\"settingModel\":{\"settings\":false,\"hide_merge_tags\":false,\"error\":false,\"name\":\"options\",\"type\":\"option-repeater\",\"label\":\"Optionen <a href=\\\"#\\\" class=\\\"nf-add-new\\\">Erstellen<\\\/a> <a href=\\\"#\\\" class=\\\"extra nf-open-import-tooltip\\\"><i class=\\\"fa fa-sign-in\\\" aria-hidden=\\\"true\\\"><\\\/i> Importieren<\\\/a>\",\"width\":\"full\",\"group\":\"\",\"value\":[{\"label\":\"Eins\",\"value\":\"eins\",\"calc\":\"\",\"selected\":0,\"order\":0},{\"label\":\"Zwei\",\"value\":\"zwei\",\"calc\":\"\",\"selected\":0,\"order\":1},{\"label\":\"Drei\",\"value\":\"drei\",\"calc\":\"\",\"selected\":0,\"order\":2}],\"columns\":{\"label\":{\"header\":\"Beschriftung\",\"default\":\"\"},\"value\":{\"header\":\"Wert\",\"default\":\"\"},\"calc\":{\"header\":\"Berechneter Wert\",\"default\":\"\"},\"selected\":{\"header\":\"<span class=\\\"dashicons dashicons-yes\\\"><\\\/span>\",\"default\":0}}},\"manual_value\":true}],\"container_class\":\"\",\"element_class\":\"\",\"admin_label\":\"\",\"help_text\":\"\",\"drawerDisabled\":false,\"id\":65,\"beforeField\":\"\",\"afterField\":\"\",\"value\":\"\",\"parentType\":\"list\",\"element_templates\":[\"listcheckbox\",\"input\"],\"old_classname\":\"list-checkbox\",\"wrap_template\":\"wrap\"},{\"objectType\":\"Field\",\"objectDomain\":\"fields\",\"editActive\":false,\"order\":2,\"idAttribute\":\"id\",\"type\":\"hr\",\"label\":\"Trennung\",\"container_class\":\"\",\"element_class\":\"\",\"key\":\"hr_1665161746731\",\"drawerDisabled\":false,\"id\":72,\"beforeField\":\"\",\"afterField\":\"\",\"value\":\"\",\"label_pos\":\"above\",\"parentType\":\"hr\",\"element_templates\":[\"hr\",\"input\"],\"old_classname\":\"\",\"wrap_template\":\"wrap\"},{\"objectType\":\"Field\",\"objectDomain\":\"fields\",\"editActive\":false,\"order\":3,\"idAttribute\":\"id\",\"type\":\"listselect\",\"label\":\"Anrede\",\"key\":\"anrede_1665160140424\",\"label_pos\":\"above\",\"required\":1,\"options\":[{\"errors\":[],\"max_options\":0,\"label\":\"Frau\",\"value\":\"Frau\",\"calc\":\"Herr\",\"selected\":0,\"order\":0,\"settingModel\":{\"settings\":false,\"hide_merge_tags\":false,\"error\":false,\"name\":\"options\",\"type\":\"option-repeater\",\"label\":\"Optionen <a href=\\\"#\\\" class=\\\"nf-add-new\\\">Erstellen<\\\/a> <a href=\\\"#\\\" class=\\\"extra nf-open-import-tooltip\\\"><i class=\\\"fa fa-sign-in\\\" aria-hidden=\\\"true\\\"><\\\/i> Importieren<\\\/a>\",\"width\":\"full\",\"group\":\"\",\"value\":[{\"label\":\"Eins\",\"value\":\"eins\",\"calc\":\"\",\"selected\":0,\"order\":0},{\"label\":\"Zwei\",\"value\":\"zwei\",\"calc\":\"\",\"selected\":0,\"order\":1},{\"label\":\"Drei\",\"value\":\"drei\",\"calc\":\"\",\"selected\":0,\"order\":2}],\"columns\":{\"label\":{\"header\":\"Beschriftung\",\"default\":\"\"},\"value\":{\"header\":\"Wert\",\"default\":\"\"},\"calc\":{\"header\":\"Berechneter Wert\",\"default\":\"\"},\"selected\":{\"header\":\"<span class=\\\"dashicons dashicons-yes\\\"><\\\/span>\",\"default\":0}}},\"manual_value\":true},{\"errors\":[],\"max_options\":0,\"label\":\"Herr\",\"value\":\"Herr\",\"calc\":\"\",\"selected\":0,\"order\":1,\"settingModel\":{\"settings\":false,\"hide_merge_tags\":false,\"error\":false,\"name\":\"options\",\"type\":\"option-repeater\",\"label\":\"Optionen <a href=\\\"#\\\" class=\\\"nf-add-new\\\">Erstellen<\\\/a> <a href=\\\"#\\\" class=\\\"extra nf-open-import-tooltip\\\"><i class=\\\"fa fa-sign-in\\\" aria-hidden=\\\"true\\\"><\\\/i> Importieren<\\\/a>\",\"width\":\"full\",\"group\":\"\",\"value\":[{\"label\":\"Eins\",\"value\":\"eins\",\"calc\":\"\",\"selected\":0,\"order\":0},{\"label\":\"Zwei\",\"value\":\"zwei\",\"calc\":\"\",\"selected\":0,\"order\":1},{\"label\":\"Drei\",\"value\":\"drei\",\"calc\":\"\",\"selected\":0,\"order\":2}],\"columns\":{\"label\":{\"header\":\"Beschriftung\",\"default\":\"\"},\"value\":{\"header\":\"Wert\",\"default\":\"\"},\"calc\":{\"header\":\"Berechneter Wert\",\"default\":\"\"},\"selected\":{\"header\":\"<span class=\\\"dashicons dashicons-yes\\\"><\\\/span>\",\"default\":0}}},\"manual_value\":true}],\"container_class\":\"one-fourth first\",\"element_class\":\"\",\"admin_label\":\"\",\"help_text\":\"\",\"drawerDisabled\":false,\"id\":66,\"beforeField\":\"\",\"afterField\":\"\",\"value\":\"\",\"parentType\":\"list\",\"element_templates\":[\"listselect\",\"input\"],\"old_classname\":\"list-select\",\"wrap_template\":\"wrap\"},{\"objectType\":\"Field\",\"objectDomain\":\"fields\",\"editActive\":false,\"order\":4,\"idAttribute\":\"id\",\"type\":\"firstname\",\"label\":\"Vorname\",\"key\":\"firstname_1665160076885\",\"label_pos\":\"above\",\"required\":1,\"default\":\"\",\"placeholder\":\"\",\"container_class\":\"one-half first\",\"element_class\":\"\",\"admin_label\":\"\",\"help_text\":\"\",\"custom_name_attribute\":\"fname\",\"personally_identifiable\":1,\"value\":\"\",\"drawerDisabled\":false,\"id\":67,\"beforeField\":\"\",\"afterField\":\"\",\"parentType\":\"firstname\",\"element_templates\":[\"firstname\",\"input\"],\"old_classname\":\"\",\"wrap_template\":\"wrap\"},{\"objectType\":\"Field\",\"objectDomain\":\"fields\",\"editActive\":false,\"order\":5,\"idAttribute\":\"id\",\"label\":\"Nachname\",\"type\":\"lastname\",\"key\":\"lastname_1627377365761\",\"label_pos\":\"above\",\"required\":1,\"default\":\"\",\"placeholder\":\"\",\"container_class\":\"one-half\",\"element_class\":\"\",\"admin_label\":\"\",\"help_text\":\"\",\"custom_name_attribute\":\"lname\",\"personally_identifiable\":1,\"value\":\"\",\"field_label\":\"Nachname\",\"field_key\":\"lastname_1627377365761\",\"drawerDisabled\":false,\"id\":59,\"beforeField\":\"\",\"afterField\":\"\",\"parentType\":\"lastname\",\"element_templates\":[\"lastname\",\"input\"],\"old_classname\":\"\",\"wrap_template\":\"wrap\"},{\"objectType\":\"Field\",\"objectDomain\":\"fields\",\"editActive\":false,\"order\":6,\"idAttribute\":\"id\",\"type\":\"address\",\"label\":\"\\ufeffAdresse\",\"key\":\"address_1665160380244\",\"label_pos\":\"above\",\"required\":1,\"default\":\"\",\"placeholder\":\"Stra\\u00dfe Hausnummer(\\\/Stiege)(\\\/T\\u00fcrnummer)\",\"container_class\":\"\",\"element_class\":\"\",\"input_limit\":\"\",\"input_limit_type\":\"characters\",\"input_limit_msg\":\"verbleibende(s) Zeichen\",\"manual_key\":false,\"admin_label\":\"\",\"help_text\":\"<p><span id=\\\"nf-drawer-content\\\"><span class=\\\"nf-setting-groups\\\"><span class=\\\"nf-field-settings\\\"><span class=\\\"nf-field-sub-settings\\\">Gib\\n hier bitte die Stra\\u00dfe gefolgt von der Hausnummer und - wenn vorhanden -\\n die Stiege und T\\u00fcrnummer der gew\\u00fcnschten Zusendeadresse an.<\\\/span><\\\/span><\\\/span><\\\/span><br><\\\/p>\",\"mask\":\"\",\"custom_mask\":\"\",\"custom_name_attribute\":\"address\",\"personally_identifiable\":1,\"value\":\"\",\"drawerDisabled\":false,\"id\":68,\"beforeField\":\"\",\"afterField\":\"\",\"parentType\":\"address\",\"element_templates\":[\"address\",\"textbox\",\"input\"],\"old_classname\":\"\",\"wrap_template\":\"wrap\"},{\"objectType\":\"Field\",\"objectDomain\":\"fields\",\"editActive\":false,\"order\":7,\"idAttribute\":\"id\",\"type\":\"zip\",\"label\":\"Postleitzahl\",\"key\":\"postleitzahl_1665160853930\",\"label_pos\":\"above\",\"required\":1,\"default\":\"\",\"placeholder\":1234,\"container_class\":\"one-fourth first\",\"element_class\":\"\",\"input_limit\":\"\",\"input_limit_type\":\"characters\",\"input_limit_msg\":\"verbleibende(s) Zeichen\",\"manual_key\":false,\"admin_label\":\"\",\"help_text\":\"<p><span id=\\\"nf-drawer-content\\\"><span class=\\\"nf-setting-groups\\\"><span class=\\\"nf-field-settings\\\"><span class=\\\"nf-field-sub-settings\\\"><span id=\\\"nf-drawer-content\\\"><span class=\\\"nf-setting-groups\\\"><span class=\\\"nf-field-settings\\\"><span class=\\\"nf-field-sub-settings\\\">Gib bitte nur die 4-stellige Zahl ein.<\\\/span><\\\/span><\\\/span><\\\/span><\\\/span><\\\/span><\\\/span><\\\/span><br><\\\/p>\",\"mask\":\"custom\",\"custom_mask\":\"9999\",\"custom_name_attribute\":\"zip\",\"personally_identifiable\":\"\",\"value\":\"\",\"drawerDisabled\":false,\"id\":69,\"beforeField\":\"\",\"afterField\":\"\",\"parentType\":\"zip\",\"element_templates\":[\"zip\",\"textbox\",\"input\",\"textbox\",\"input\"],\"old_classname\":\"\",\"wrap_template\":\"wrap\"},{\"objectType\":\"Field\",\"objectDomain\":\"fields\",\"editActive\":false,\"order\":8,\"idAttribute\":\"id\",\"type\":\"city\",\"label\":\"Ort\",\"key\":\"ort_1665160867530\",\"label_pos\":\"above\",\"required\":1,\"default\":\"\",\"placeholder\":\"\",\"container_class\":\"one-half\",\"element_class\":\"\",\"input_limit\":\"\",\"input_limit_type\":\"characters\",\"input_limit_msg\":\"verbleibende(s) Zeichen\",\"manual_key\":false,\"admin_label\":\"\",\"help_text\":\"\",\"mask\":\"\",\"custom_mask\":\"\",\"custom_name_attribute\":\"city\",\"personally_identifiable\":\"\",\"value\":\"\",\"drawerDisabled\":false,\"id\":70,\"beforeField\":\"\",\"afterField\":\"\",\"parentType\":\"city\",\"element_templates\":[\"city\",\"textbox\",\"input\"],\"old_classname\":\"\",\"wrap_template\":\"wrap\"},{\"objectType\":\"Field\",\"objectDomain\":\"fields\",\"editActive\":false,\"order\":9,\"idAttribute\":\"id\",\"type\":\"listselect\",\"label\":\"Land\",\"key\":\"land_1665161041024\",\"label_pos\":\"above\",\"required\":1,\"options\":[{\"errors\":[],\"max_options\":0,\"label\":\"\\u00d6sterreich\",\"value\":\"oesterreich\",\"calc\":\"\",\"selected\":0,\"order\":0,\"settingModel\":{\"settings\":false,\"hide_merge_tags\":false,\"error\":false,\"name\":\"options\",\"type\":\"option-repeater\",\"label\":\"Optionen <a href=\\\"#\\\" class=\\\"nf-add-new\\\">Erstellen<\\\/a> <a href=\\\"#\\\" class=\\\"extra nf-open-import-tooltip\\\"><i class=\\\"fa fa-sign-in\\\" aria-hidden=\\\"true\\\"><\\\/i> Importieren<\\\/a>\",\"width\":\"full\",\"group\":\"\",\"value\":[{\"label\":\"Eins\",\"value\":\"eins\",\"calc\":\"\",\"selected\":0,\"order\":0},{\"label\":\"Zwei\",\"value\":\"zwei\",\"calc\":\"\",\"selected\":0,\"order\":1},{\"label\":\"Drei\",\"value\":\"drei\",\"calc\":\"\",\"selected\":0,\"order\":2}],\"columns\":{\"label\":{\"header\":\"Beschriftung\",\"default\":\"\"},\"value\":{\"header\":\"Wert\",\"default\":\"\"},\"calc\":{\"header\":\"Berechneter Wert\",\"default\":\"\"},\"selected\":{\"header\":\"<span class=\\\"dashicons dashicons-yes\\\"><\\\/span>\",\"default\":0}}},\"manual_value\":true}],\"container_class\":\"one-fourth\",\"element_class\":\"\",\"admin_label\":\"\",\"help_text\":\"\",\"drawerDisabled\":false,\"id\":71,\"beforeField\":\"\",\"afterField\":\"\",\"value\":\"\",\"parentType\":\"list\",\"element_templates\":[\"listselect\",\"input\"],\"old_classname\":\"list-select\",\"wrap_template\":\"wrap\"},{\"objectType\":\"Field\",\"objectDomain\":\"fields\",\"editActive\":false,\"order\":10,\"idAttribute\":\"id\",\"label\":\"E-Mail\",\"type\":\"email\",\"key\":\"email_1627377369793\",\"label_pos\":\"above\",\"required\":1,\"default\":\"\",\"placeholder\":\"name@beispiel.com\",\"container_class\":\"\",\"element_class\":\"\",\"admin_label\":\"\",\"help_text\":\"\",\"custom_name_attribute\":\"email\",\"personally_identifiable\":1,\"value\":\"\",\"drawerDisabled\":false,\"field_label\":\"E-Mail\",\"field_key\":\"email_1627377369793\",\"desc_text\":\"<p><span id=\\\"nf-drawer-content\\\"><span class=\\\"nf-setting-groups\\\"><span class=\\\"nf-field-settings\\\"><span class=\\\"nf-field-sub-settings\\\">Ich best\\u00e4tige die Kataloganforderung an die von dir angegebene E-Mail-Adresse.<\\\/span><\\\/span><\\\/span><\\\/span><br><\\\/p>\",\"id\":60,\"beforeField\":\"\",\"afterField\":\"\",\"parentType\":\"email\",\"element_templates\":[\"email\",\"input\"],\"old_classname\":\"\",\"wrap_template\":\"wrap\"},{\"objectType\":\"Field\",\"objectDomain\":\"fields\",\"editActive\":false,\"order\":11,\"idAttribute\":\"id\",\"label\":\"Katalog(e) anfordern\",\"type\":\"submit\",\"processing_label\":\"Verarbeitung\",\"container_class\":\"\",\"element_class\":\"\",\"key\":\"katalog_e_anfordern_1665161377716\",\"drawerDisabled\":false,\"field_label\":\"Absenden\",\"field_key\":\"submit_1627379892387\",\"id\":64,\"beforeField\":\"\",\"afterField\":\"\",\"value\":\"\",\"label_pos\":\"above\",\"parentType\":\"textbox\",\"element_templates\":[\"submit\",\"button\",\"input\"],\"old_classname\":\"\",\"wrap_template\":\"wrap-no-label\"}];nfForms.push(form);<\/script>\n        \n","protected":false},"excerpt":{"rendered":"<p>Hier hast du die M\u00f6glichkeit, die derzeit aktuellen Kataloge bei mir anzufordern. Beachte bitte, dass ich diese nur innerhalb von \u00d6sterreich (gratis) verschicke und f\u00fclle alle Felder sorgf\u00e4ltig aus, sodass du bald in deinem neuen Stampin&#8216; Up! Jahreshaupt- oder Minikatalog bl\u00e4ttern kannst. Der Herbst-Winter-Minikatalog 2023 (g\u00fcltig vom 6.9.2023 &#8211; 3.1.2024) wird von mir ab ca. [&hellip;]<\/p>\n","protected":false},"author":22,"featured_media":0,"parent":0,"menu_order":0,"comment_status":"closed","ping_status":"closed","template":"","meta":{"ocean_post_layout":"","ocean_both_sidebars_style":"","ocean_both_sidebars_content_width":0,"ocean_both_sidebars_sidebars_width":0,"ocean_sidebar":"","ocean_second_sidebar":"","ocean_disable_margins":"enable","ocean_add_body_class":"","ocean_shortcode_before_top_bar":"","ocean_shortcode_after_top_bar":"","ocean_shortcode_before_header":"","ocean_shortcode_after_header":"","ocean_has_shortcode":"","ocean_shortcode_after_title":"","ocean_shortcode_before_footer_widgets":"","ocean_shortcode_after_footer_widgets":"","ocean_shortcode_before_footer_bottom":"","ocean_shortcode_after_footer_bottom":"","ocean_display_top_bar":"default","ocean_display_header":"default","ocean_header_style":"","ocean_center_header_left_menu":"","ocean_custom_header_template":"","ocean_custom_logo":0,"ocean_custom_retina_logo":0,"ocean_custom_logo_max_width":0,"ocean_custom_logo_tablet_max_width":0,"ocean_custom_logo_mobile_max_width":0,"ocean_custom_logo_max_height":0,"ocean_custom_logo_tablet_max_height":0,"ocean_custom_logo_mobile_max_height":0,"ocean_header_custom_menu":"","ocean_menu_typo_font_family":"","ocean_menu_typo_font_subset":"","ocean_menu_typo_font_size":0,"ocean_menu_typo_font_size_tablet":0,"ocean_menu_typo_font_size_mobile":0,"ocean_menu_typo_font_size_unit":"px","ocean_menu_typo_font_weight":"","ocean_menu_typo_font_weight_tablet":"","ocean_menu_typo_font_weight_mobile":"","ocean_menu_typo_transform":"","ocean_menu_typo_transform_tablet":"","ocean_menu_typo_transform_mobile":"","ocean_menu_typo_line_height":0,"ocean_menu_typo_line_height_tablet":0,"ocean_menu_typo_line_height_mobile":0,"ocean_menu_typo_line_height_unit":"","ocean_menu_typo_spacing":0,"ocean_menu_typo_spacing_tablet":0,"ocean_menu_typo_spacing_mobile":0,"ocean_menu_typo_spacing_unit":"","ocean_menu_link_color":"","ocean_menu_link_color_hover":"","ocean_menu_link_color_active":"","ocean_menu_link_background":"","ocean_menu_link_hover_background":"","ocean_menu_link_active_background":"","ocean_menu_social_links_bg":"","ocean_menu_social_hover_links_bg":"","ocean_menu_social_links_color":"","ocean_menu_social_hover_links_color":"","ocean_disable_title":"default","ocean_disable_heading":"default","ocean_post_title":"","ocean_post_subheading":"","ocean_post_title_style":"","ocean_post_title_background_color":"","ocean_post_title_background":0,"ocean_post_title_bg_image_position":"","ocean_post_title_bg_image_attachment":"","ocean_post_title_bg_image_repeat":"","ocean_post_title_bg_image_size":"","ocean_post_title_height":0,"ocean_post_title_bg_overlay":0.5,"ocean_post_title_bg_overlay_color":"","ocean_disable_breadcrumbs":"default","ocean_breadcrumbs_color":"","ocean_breadcrumbs_separator_color":"","ocean_breadcrumbs_links_color":"","ocean_breadcrumbs_links_hover_color":"","ocean_display_footer_widgets":"default","ocean_display_footer_bottom":"default","ocean_custom_footer_template":"","footnotes":""},"class_list":["post-18218","page","type-page","status-publish","hentry","entry"],"_links":{"self":[{"href":"https:\/\/www.astridspapiereuphorie.at\/test\/wp-json\/wp\/v2\/pages\/18218","targetHints":{"allow":["GET"]}}],"collection":[{"href":"https:\/\/www.astridspapiereuphorie.at\/test\/wp-json\/wp\/v2\/pages"}],"about":[{"href":"https:\/\/www.astridspapiereuphorie.at\/test\/wp-json\/wp\/v2\/types\/page"}],"author":[{"embeddable":true,"href":"https:\/\/www.astridspapiereuphorie.at\/test\/wp-json\/wp\/v2\/users\/22"}],"replies":[{"embeddable":true,"href":"https:\/\/www.astridspapiereuphorie.at\/test\/wp-json\/wp\/v2\/comments?post=18218"}],"version-history":[{"count":16,"href":"https:\/\/www.astridspapiereuphorie.at\/test\/wp-json\/wp\/v2\/pages\/18218\/revisions"}],"predecessor-version":[{"id":20396,"href":"https:\/\/www.astridspapiereuphorie.at\/test\/wp-json\/wp\/v2\/pages\/18218\/revisions\/20396"}],"wp:attachment":[{"href":"https:\/\/www.astridspapiereuphorie.at\/test\/wp-json\/wp\/v2\/media?parent=18218"}],"curies":[{"name":"wp","href":"https:\/\/api.w.org\/{rel}","templated":true}]}}