{"id":10,"date":"2012-09-03T18:51:05","date_gmt":"2012-09-03T16:51:05","guid":{"rendered":"http:\/\/www.astridspapiereuphorie.at\/?page_id=10"},"modified":"2020-08-07T09:24:58","modified_gmt":"2020-08-07T07:24:58","slug":"uber-mich","status":"publish","type":"page","link":"https:\/\/www.astridspapiereuphorie.at\/test\/uber-mich\/","title":{"rendered":"\u00dcber mich"},"content":{"rendered":"<p><strong>Astrid Hofmann<\/strong><\/p>\n<p><a href=\"https:\/\/www.astridspapiereuphorie.at\/wp-content\/uploads\/2012\/09\/IMG_0025-35x45.jpg\"><img loading=\"lazy\" decoding=\"async\" class=\"alignleft size-thumbnail wp-image-72\" title=\"\" src=\"https:\/\/www.astridspapiereuphorie.at\/wp-content\/uploads\/2012\/09\/IMG_0025-35x45-150x150.jpg\" alt=\"\" width=\"150\" height=\"150\" \/><\/a><\/p>\n<p>Hallo, herzlich Willkommen auf meinem blog!<\/p>\n<p>Ich hei\u00dfe Astrid, lebe derzeit wieder im wundersch\u00f6nen Wien, habe zwei (inzwischen erwachsene) Kinder, bin seit Oktober 2012 nebenberuflich Stampin&#8216; Up! Demonstratorin und bekennender Papier-\/Stempel-&#8222;Junkie&#8220;<\/p>\n<p>Schon seit vielen Jahren liebe ich es, mit Papieren und Fotos zu &#8222;basteln&#8220;. Schon lange bevor Scrapbooking bei uns bekannt wurde, habe ich unsere Foto eingeklebt und auf die Seiten mit Texten und diversen Eintrittskarten oder sonstigen Erinnerungsst\u00fccken erg\u00e4nzt.<\/p>\n<p>Inzwischen scrappe ich (weniger) und stemple (mehr), verpacke kleine Geschenke in selbstgemachten Schachteln, und es finden sich auch einige Minibook-Rohlinge in meinem Bestand \ud83d\ude42<\/p>\n<p>Ich hoffe, dass du hier die eine oder andere Anregung finden wirst und vielleicht kann ich ja auch bei dir die Liebe zum Arbeiten mit Papier wecken und dich sogar in meinem wunderbaren Team begr\u00fc\u00dfen &#8211; ich w\u00fcrde mich riesig freuen!<\/p>\n","protected":false},"excerpt":{"rendered":"<p>Astrid Hofmann Hallo, herzlich Willkommen auf meinem blog! Ich hei\u00dfe Astrid, lebe derzeit wieder im wundersch\u00f6nen Wien, habe zwei (inzwischen erwachsene) Kinder, bin seit Oktober 2012 nebenberuflich Stampin&#8216; Up! Demonstratorin und bekennender Papier-\/Stempel-&#8222;Junkie&#8220; Schon seit vielen Jahren liebe ich es, mit Papieren und Fotos zu &#8222;basteln&#8220;. Schon lange bevor Scrapbooking bei uns bekannt wurde, habe [&hellip;]<\/p>\n","protected":false},"author":1,"featured_media":0,"parent":0,"menu_order":0,"comment_status":"open","ping_status":"open","template":"","meta":{"ocean_post_layout":"","ocean_both_sidebars_style":"","ocean_both_sidebars_content_width":0,"ocean_both_sidebars_sidebars_width":0,"ocean_sidebar":"","ocean_second_sidebar":"","ocean_disable_margins":"enable","ocean_add_body_class":"","ocean_shortcode_before_top_bar":"","ocean_shortcode_after_top_bar":"","ocean_shortcode_before_header":"","ocean_shortcode_after_header":"","ocean_has_shortcode":"","ocean_shortcode_after_title":"","ocean_shortcode_before_footer_widgets":"","ocean_shortcode_after_footer_widgets":"","ocean_shortcode_before_footer_bottom":"","ocean_shortcode_after_footer_bottom":"","ocean_display_top_bar":"default","ocean_display_header":"default","ocean_header_style":"","ocean_center_header_left_menu":"","ocean_custom_header_template":"","ocean_custom_logo":0,"ocean_custom_retina_logo":0,"ocean_custom_logo_max_width":0,"ocean_custom_logo_tablet_max_width":0,"ocean_custom_logo_mobile_max_width":0,"ocean_custom_logo_max_height":0,"ocean_custom_logo_tablet_max_height":0,"ocean_custom_logo_mobile_max_height":0,"ocean_header_custom_menu":"","ocean_menu_typo_font_family":"","ocean_menu_typo_font_subset":"","ocean_menu_typo_font_size":0,"ocean_menu_typo_font_size_tablet":0,"ocean_menu_typo_font_size_mobile":0,"ocean_menu_typo_font_size_unit":"px","ocean_menu_typo_font_weight":"","ocean_menu_typo_font_weight_tablet":"","ocean_menu_typo_font_weight_mobile":"","ocean_menu_typo_transform":"","ocean_menu_typo_transform_tablet":"","ocean_menu_typo_transform_mobile":"","ocean_menu_typo_line_height":0,"ocean_menu_typo_line_height_tablet":0,"ocean_menu_typo_line_height_mobile":0,"ocean_menu_typo_line_height_unit":"","ocean_menu_typo_spacing":0,"ocean_menu_typo_spacing_tablet":0,"ocean_menu_typo_spacing_mobile":0,"ocean_menu_typo_spacing_unit":"","ocean_menu_link_color":"","ocean_menu_link_color_hover":"","ocean_menu_link_color_active":"","ocean_menu_link_background":"","ocean_menu_link_hover_background":"","ocean_menu_link_active_background":"","ocean_menu_social_links_bg":"","ocean_menu_social_hover_links_bg":"","ocean_menu_social_links_color":"","ocean_menu_social_hover_links_color":"","ocean_disable_title":"default","ocean_disable_heading":"default","ocean_post_title":"","ocean_post_subheading":"","ocean_post_title_style":"","ocean_post_title_background_color":"","ocean_post_title_background":0,"ocean_post_title_bg_image_position":"","ocean_post_title_bg_image_attachment":"","ocean_post_title_bg_image_repeat":"","ocean_post_title_bg_image_size":"","ocean_post_title_height":0,"ocean_post_title_bg_overlay":0.5,"ocean_post_title_bg_overlay_color":"","ocean_disable_breadcrumbs":"default","ocean_breadcrumbs_color":"","ocean_breadcrumbs_separator_color":"","ocean_breadcrumbs_links_color":"","ocean_breadcrumbs_links_hover_color":"","ocean_display_footer_widgets":"default","ocean_display_footer_bottom":"default","ocean_custom_footer_template":"","footnotes":""},"class_list":["post-10","page","type-page","status-publish","hentry","entry"],"_links":{"self":[{"href":"https:\/\/www.astridspapiereuphorie.at\/test\/wp-json\/wp\/v2\/pages\/10","targetHints":{"allow":["GET"]}}],"collection":[{"href":"https:\/\/www.astridspapiereuphorie.at\/test\/wp-json\/wp\/v2\/pages"}],"about":[{"href":"https:\/\/www.astridspapiereuphorie.at\/test\/wp-json\/wp\/v2\/types\/page"}],"author":[{"embeddable":true,"href":"https:\/\/www.astridspapiereuphorie.at\/test\/wp-json\/wp\/v2\/users\/1"}],"replies":[{"embeddable":true,"href":"https:\/\/www.astridspapiereuphorie.at\/test\/wp-json\/wp\/v2\/comments?post=10"}],"version-history":[{"count":15,"href":"https:\/\/www.astridspapiereuphorie.at\/test\/wp-json\/wp\/v2\/pages\/10\/revisions"}],"predecessor-version":[{"id":14818,"href":"https:\/\/www.astridspapiereuphorie.at\/test\/wp-json\/wp\/v2\/pages\/10\/revisions\/14818"}],"wp:attachment":[{"href":"https:\/\/www.astridspapiereuphorie.at\/test\/wp-json\/wp\/v2\/media?parent=10"}],"curies":[{"name":"wp","href":"https:\/\/api.w.org\/{rel}","templated":true}]}}